{"id":54,"date":"2022-03-30T18:16:58","date_gmt":"2022-03-30T23:16:58","guid":{"rendered":"https:\/\/adfi.com.co\/?page_id=54"},"modified":"2025-09-21T11:28:52","modified_gmt":"2025-09-21T16:28:52","slug":"bienes","status":"publish","type":"page","link":"https:\/\/adfi.com.co\/?page_id=54","title":{"rendered":"Bienes"},"content":{"rendered":"\t\t<div data-elementor-type=\"wp-page\" data-elementor-id=\"54\" class=\"elementor elementor-54\">\n\t\t\t\t\t\t<section class=\"elementor-section elementor-top-section elementor-element elementor-element-7434741 elementor-section-boxed elementor-section-height-default elementor-section-height-default\" data-id=\"7434741\" data-element_type=\"section\">\n\t\t\t\t\t\t<div class=\"elementor-container elementor-column-gap-default\">\n\t\t\t\t\t<div class=\"elementor-column elementor-col-100 elementor-top-column elementor-element elementor-element-d358896\" data-id=\"d358896\" data-element_type=\"column\">\n\t\t\t<div class=\"elementor-widget-wrap elementor-element-populated\">\n\t\t\t\t\t\t<div class=\"elementor-element elementor-element-05fe7cc elementor-widget elementor-widget-spacer\" data-id=\"05fe7cc\" data-element_type=\"widget\" data-widget_type=\"spacer.default\">\n\t\t\t\t<div class=\"elementor-widget-container\">\n\t\t\t\t\t\t\t<div class=\"elementor-spacer\">\n\t\t\t<div class=\"elementor-spacer-inner\"><\/div>\n\t\t<\/div>\n\t\t\t\t\t\t<\/div>\n\t\t\t\t<\/div>\n\t\t\t\t\t<\/div>\n\t\t<\/div>\n\t\t\t\t\t<\/div>\n\t\t<\/section>\n\t\t\t\t<section class=\"elementor-section elementor-top-section elementor-element elementor-element-bb80bae elementor-section-boxed elementor-section-height-default elementor-section-height-default\" data-id=\"bb80bae\" data-element_type=\"section\">\n\t\t\t\t\t\t<div class=\"elementor-container elementor-column-gap-default\">\n\t\t\t\t\t<div class=\"elementor-column elementor-col-100 elementor-top-column elementor-element elementor-element-5e76de2\" data-id=\"5e76de2\" data-element_type=\"column\">\n\t\t\t<div class=\"elementor-widget-wrap elementor-element-populated\">\n\t\t\t\t\t\t<div class=\"elementor-element elementor-element-8d46f8a elementor-widget elementor-widget-html\" data-id=\"8d46f8a\" data-element_type=\"widget\" data-widget_type=\"html.default\">\n\t\t\t\t<div class=\"elementor-widget-container\">\n\t\t\t\t\t<style>\r\n  .banner-func {\r\n    width: 100%;\r\n    padding: 40px 20px;\r\n    background: #224088; \/* color solicitado *\/\r\n    color: white;        \/* texto blanco *\/\r\n    text-align: center;\r\n    font-family: system-ui, -apple-system, Segoe UI, Roboto, \"Helvetica Neue\", Arial;\r\n    position: relative;\r\n    overflow: hidden;\r\n  }\r\n  .banner-func h2 {\r\n    font-size: clamp(28px, 9vw, 58px);\r\n    font-weight: 800;\r\n    margin: 0;\r\n    letter-spacing: -0.02em;\r\n    color: white; \/* aseguramos blanco *\/\r\n  }\r\n  .banner-func p {\r\n    font-size: clamp(14px, 2vw, 18px);\r\n    margin-top: 10px;\r\n    opacity: 0.9;\r\n    color: white; \/* blanco tambi\u00e9n *\/\r\n  }\r\n  .banner-func::after {\r\n    content: \"\";\r\n    position: absolute;\r\n    inset: 0;\r\n    background: url('https:\/\/www.transparenttextures.com\/patterns\/asfalt-dark.png');\r\n    opacity: 0.08; \/* m\u00e1s sutil sobre el azul *\/\r\n  }\r\n<\/style>\r\n\r\n<section class=\"banner-func\">\r\n  <div>\r\n    <h2>\ud83c\udfe2 MODULO BIENES<\/h2>\r\n  <\/div>\r\n<\/section>\r\n\t\t\t\t<\/div>\n\t\t\t\t<\/div>\n\t\t\t\t\t<\/div>\n\t\t<\/div>\n\t\t\t\t\t<\/div>\n\t\t<\/section>\n\t\t\t\t<section class=\"elementor-section elementor-top-section elementor-element elementor-element-b0da5f0 elementor-section-boxed elementor-section-height-default elementor-section-height-default\" data-id=\"b0da5f0\" data-element_type=\"section\">\n\t\t\t\t\t\t<div class=\"elementor-container elementor-column-gap-default\">\n\t\t\t\t\t<div class=\"elementor-column elementor-col-100 elementor-top-column elementor-element elementor-element-fbf3aaa\" data-id=\"fbf3aaa\" data-element_type=\"column\">\n\t\t\t<div class=\"elementor-widget-wrap elementor-element-populated\">\n\t\t\t\t\t\t<div class=\"elementor-element elementor-element-cfdf43f elementor-widget elementor-widget-spacer\" data-id=\"cfdf43f\" data-element_type=\"widget\" data-widget_type=\"spacer.default\">\n\t\t\t\t<div class=\"elementor-widget-container\">\n\t\t\t\t\t\t\t<div class=\"elementor-spacer\">\n\t\t\t<div class=\"elementor-spacer-inner\"><\/div>\n\t\t<\/div>\n\t\t\t\t\t\t<\/div>\n\t\t\t\t<\/div>\n\t\t\t\t\t<\/div>\n\t\t<\/div>\n\t\t\t\t\t<\/div>\n\t\t<\/section>\n\t\t\t\t<section class=\"elementor-section elementor-top-section elementor-element elementor-element-967eb75 elementor-section-boxed elementor-section-height-default elementor-section-height-default\" data-id=\"967eb75\" data-element_type=\"section\">\n\t\t\t\t\t\t<div class=\"elementor-container elementor-column-gap-default\">\n\t\t\t\t\t<div class=\"elementor-column elementor-col-50 elementor-top-column elementor-element elementor-element-6713108\" data-id=\"6713108\" data-element_type=\"column\">\n\t\t\t<div class=\"elementor-widget-wrap elementor-element-populated\">\n\t\t\t\t\t\t<div class=\"elementor-element elementor-element-51c6537 elementor-widget elementor-widget-heading\" data-id=\"51c6537\" data-element_type=\"widget\" data-widget_type=\"heading.default\">\n\t\t\t\t<div class=\"elementor-widget-container\">\n\t\t\t\t\t<h2 class=\"elementor-heading-title elementor-size-default\">\ud83d\udce6 Control Inteligente de tu Inventario<\/h2>\t\t\t\t<\/div>\n\t\t\t\t<\/div>\n\t\t\t\t<div class=\"elementor-element elementor-element-79cfb40 elementor-widget elementor-widget-text-editor\" data-id=\"79cfb40\" data-element_type=\"widget\" data-widget_type=\"text-editor.default\">\n\t\t\t\t<div class=\"elementor-widget-container\">\n\t\t\t\t\t\t\t\t\t<p data-start=\"211\" data-end=\"498\"><span style=\"color: #000000;\">Optimiza la gesti\u00f3n de los activos de tu empresa con un sistema que te permite controlar, registrar y automatizar tus inventarios en tiempo real. Mant\u00e9n un seguimiento claro de cada bien, evita p\u00e9rdidas y toma decisiones estrat\u00e9gicas con informaci\u00f3n confiable y siempre disponible.<\/span><\/p>\t\t\t\t\t\t\t\t<\/div>\n\t\t\t\t<\/div>\n\t\t\t\t\t<\/div>\n\t\t<\/div>\n\t\t\t\t<div class=\"elementor-column elementor-col-50 elementor-top-column elementor-element elementor-element-73c12e6\" data-id=\"73c12e6\" data-element_type=\"column\">\n\t\t\t<div class=\"elementor-widget-wrap elementor-element-populated\">\n\t\t\t\t\t\t<div class=\"elementor-element elementor-element-a9f8f24 elementor-widget elementor-widget-image\" data-id=\"a9f8f24\" data-element_type=\"widget\" data-widget_type=\"image.default\">\n\t\t\t\t<div class=\"elementor-widget-container\">\n\t\t\t\t\t\t\t\t\t\t\t\t\t\t\t<img fetchpriority=\"high\" decoding=\"async\" width=\"678\" height=\"299\" src=\"https:\/\/adfi.com.co\/wp-content\/uploads\/2025\/09\/Captura-de-pantalla-2025-09-21-112809.png\" class=\"attachment-large size-large wp-image-3094\" alt=\"\" srcset=\"https:\/\/adfi.com.co\/wp-content\/uploads\/2025\/09\/Captura-de-pantalla-2025-09-21-112809.png 855w, https:\/\/adfi.com.co\/wp-content\/uploads\/2025\/09\/Captura-de-pantalla-2025-09-21-112809-300x132.png 300w, https:\/\/adfi.com.co\/wp-content\/uploads\/2025\/09\/Captura-de-pantalla-2025-09-21-112809-768x339.png 768w\" sizes=\"(max-width: 678px) 100vw, 678px\" \/>\t\t\t\t\t\t\t\t\t\t\t\t\t\t\t<\/div>\n\t\t\t\t<\/div>\n\t\t\t\t\t<\/div>\n\t\t<\/div>\n\t\t\t\t\t<\/div>\n\t\t<\/section>\n\t\t\t\t<section class=\"elementor-section elementor-top-section elementor-element elementor-element-99a58db elementor-section-boxed elementor-section-height-default elementor-section-height-default\" data-id=\"99a58db\" data-element_type=\"section\">\n\t\t\t\t\t\t<div class=\"elementor-container elementor-column-gap-default\">\n\t\t\t\t\t<div class=\"elementor-column elementor-col-100 elementor-top-column elementor-element elementor-element-26e752f\" data-id=\"26e752f\" data-element_type=\"column\">\n\t\t\t<div class=\"elementor-widget-wrap\">\n\t\t\t\t\t\t\t<\/div>\n\t\t<\/div>\n\t\t\t\t\t<\/div>\n\t\t<\/section>\n\t\t\t\t<section class=\"elementor-section elementor-top-section elementor-element elementor-element-93aad69 elementor-section-boxed elementor-section-height-default elementor-section-height-default\" data-id=\"93aad69\" data-element_type=\"section\">\n\t\t\t\t\t\t<div class=\"elementor-container elementor-column-gap-default\">\n\t\t\t\t\t<div class=\"elementor-column elementor-col-50 elementor-top-column elementor-element elementor-element-657d822\" data-id=\"657d822\" data-element_type=\"column\">\n\t\t\t<div class=\"elementor-widget-wrap elementor-element-populated\">\n\t\t\t\t\t\t<div class=\"elementor-element elementor-element-e456994 elementor-widget elementor-widget-image\" data-id=\"e456994\" data-element_type=\"widget\" data-widget_type=\"image.default\">\n\t\t\t\t<div class=\"elementor-widget-container\">\n\t\t\t\t\t\t\t\t\t\t\t\t\t\t\t<img decoding=\"async\" width=\"678\" height=\"765\" src=\"https:\/\/adfi.com.co\/wp-content\/uploads\/2025\/09\/ChatGPT-Image-9-sept-2025-11_11_28.png\" class=\"attachment-large size-large wp-image-2170\" alt=\"\" srcset=\"https:\/\/adfi.com.co\/wp-content\/uploads\/2025\/09\/ChatGPT-Image-9-sept-2025-11_11_28.png 907w, https:\/\/adfi.com.co\/wp-content\/uploads\/2025\/09\/ChatGPT-Image-9-sept-2025-11_11_28-266x300.png 266w, https:\/\/adfi.com.co\/wp-content\/uploads\/2025\/09\/ChatGPT-Image-9-sept-2025-11_11_28-768x867.png 768w\" sizes=\"(max-width: 678px) 100vw, 678px\" \/>\t\t\t\t\t\t\t\t\t\t\t\t\t\t\t<\/div>\n\t\t\t\t<\/div>\n\t\t\t\t\t<\/div>\n\t\t<\/div>\n\t\t\t\t<div class=\"elementor-column elementor-col-50 elementor-top-column elementor-element elementor-element-e028677\" data-id=\"e028677\" data-element_type=\"column\">\n\t\t\t<div class=\"elementor-widget-wrap elementor-element-populated\">\n\t\t\t\t\t\t<div class=\"elementor-element elementor-element-72b84ba elementor-widget elementor-widget-heading\" data-id=\"72b84ba\" data-element_type=\"widget\" data-widget_type=\"heading.default\">\n\t\t\t\t<div class=\"elementor-widget-container\">\n\t\t\t\t\t<h1 class=\"elementor-heading-title elementor-size-default\">ADFI Permite LLevar<\/h1>\t\t\t\t<\/div>\n\t\t\t\t<\/div>\n\t\t\t\t<div class=\"elementor-element elementor-element-52c2f09 elementor-widget elementor-widget-text-editor\" data-id=\"52c2f09\" data-element_type=\"widget\" data-widget_type=\"text-editor.default\">\n\t\t\t\t<div class=\"elementor-widget-container\">\n\t\t\t\t\t\t\t\t\t<ul><li><span style=\"color: #000000;\">El control de inventario de activos fijos<\/span><\/li><li><span style=\"color: #000000;\">Supervisar los consumibles<\/span><\/li><li><span style=\"color: #000000;\">El control de altas y bajas seg\u00fan su origen<\/span><\/li><\/ul><p><span style=\"color: #000000;\">Para la Propiedad Planta y Equipo de la entidad, validando los procesos de entrega, administraci\u00f3n, gesti\u00f3n y depreciaci\u00f3n estimada de los recursos que lo integran, seg\u00fan la Pol\u00edtica Contable de la entidad.<\/span><\/p><p><span style=\"color: #000000;\">Con este m\u00f3dulo, la organizaci\u00f3n obtiene una visi\u00f3n clara y centralizada de su patrimonio, evitando p\u00e9rdidas, optimizando recursos y asegurando que cada bien est\u00e9 debidamente registrado, administrado y depreciado conforme a la pol\u00edtica contable definida.<\/span><\/p>\t\t\t\t\t\t\t\t<\/div>\n\t\t\t\t<\/div>\n\t\t\t\t\t<\/div>\n\t\t<\/div>\n\t\t\t\t\t<\/div>\n\t\t<\/section>\n\t\t\t\t<section class=\"elementor-section elementor-top-section elementor-element elementor-element-3e6a56f elementor-section-boxed elementor-section-height-default elementor-section-height-default\" data-id=\"3e6a56f\" data-element_type=\"section\">\n\t\t\t\t\t\t<div class=\"elementor-container elementor-column-gap-default\">\n\t\t\t\t\t<div class=\"elementor-column elementor-col-100 elementor-top-column elementor-element elementor-element-7ab662d\" data-id=\"7ab662d\" data-element_type=\"column\">\n\t\t\t<div class=\"elementor-widget-wrap elementor-element-populated\">\n\t\t\t\t\t\t<div class=\"elementor-element elementor-element-616fb55 elementor-widget elementor-widget-html\" data-id=\"616fb55\" data-element_type=\"widget\" data-widget_type=\"html.default\">\n\t\t\t\t<div class=\"elementor-widget-container\">\n\t\t\t\t\t<style>\r\n  .export-banner {\r\n    background: linear-gradient(90deg, #224088 0%, #1a3166 100%);\r\n    color: white;\r\n    display: flex;\r\n    align-items: center;\r\n    justify-content: space-between;\r\n    padding: 18px 30px;\r\n    border-radius: 14px;\r\n    font-family: system-ui, -apple-system, Segoe UI, Roboto, Arial;\r\n    max-width: 1000px;\r\n    margin: 30px auto;\r\n    box-shadow: 0 6px 20px rgba(0,0,0,.25);\r\n  }\r\n\r\n  .export-text {\r\n    max-width: 70%;\r\n  }\r\n\r\n  .export-text h3 {\r\n    color: white; \/* todo en blanco *\/\r\n    margin: 0;\r\n    font-size: 18px;\r\n    font-weight: 700;\r\n    line-height: 1.4;\r\n  }\r\n\r\n  .export-text span {\r\n    color: white; \/* resaltar tambi\u00e9n en blanco *\/\r\n    font-weight: 800;\r\n  }\r\n\r\n  .export-icons {\r\n    display: flex;\r\n    gap: 14px;\r\n    align-items: center;\r\n  }\r\n\r\n  .export-icons div {\r\n    background: white;\r\n    border-radius: 10px;\r\n    padding: 10px 14px;\r\n    display: flex;\r\n    align-items: center;\r\n    gap: 8px;\r\n    transition: transform 0.2s ease, box-shadow 0.2s ease;\r\n  }\r\n\r\n  .export-icons div:hover {\r\n    transform: translateY(-2px);\r\n    box-shadow: 0 4px 12px rgba(0,0,0,0.25);\r\n  }\r\n\r\n  .export-icons img {\r\n    width: 28px;\r\n    height: 28px;\r\n  }\r\n\r\n  .export-icons span {\r\n    color: #224088;\r\n    font-weight: 700;\r\n    font-size: 14px;\r\n  }\r\n<\/style>\r\n\r\n<div class=\"export-banner\">\r\n  <div class=\"export-text\">\r\n    <h3>\r\n      De acuerdo a cada <span>proceso<\/span> o m\u00f3dulo de trabajo <br>\r\n      se generan <span>consultas e informes<\/span> de su informaci\u00f3n\r\n    <\/h3>\r\n  <\/div>\r\n  <div class=\"export-icons\">\r\n    <div>\r\n      <img decoding=\"async\" src=\"https:\/\/i1.wp.com\/www.ardilu.com\/wp-content\/uploads\/2020\/06\/Microsoft-Excel.png?ssl=1\" alt=\"Excel\"> <!-- Excel icon moderno -->\r\n      <span>Excel<\/span>\r\n    <\/div>\r\n    <div>\r\n      <img decoding=\"async\" src=\"https:\/\/cdn-icons-png.flaticon.com\/512\/337\/337946.png\" alt=\"PDF\"> <!-- PDF icon moderno -->\r\n      <span>PDF<\/span>\r\n    <\/div>\r\n  <\/div>\r\n<\/div>\r\n\t\t\t\t<\/div>\n\t\t\t\t<\/div>\n\t\t\t\t\t<\/div>\n\t\t<\/div>\n\t\t\t\t\t<\/div>\n\t\t<\/section>\n\t\t\t\t<\/div>\n\t\t","protected":false},"excerpt":{"rendered":"<p>\ud83c\udfe2 MODULO BIENES \ud83d\udce6 Control Inteligente de tu Inventario Optimiza la gesti\u00f3n de los activos de tu empresa con un sistema que te permite controlar, registrar y automatizar tus inventarios en tiempo real. Mant\u00e9n un seguimiento claro de cada bien, evita p\u00e9rdidas y toma decisiones estrat\u00e9gicas con informaci\u00f3n confiable y siempre disponible. ADFI Permite LLevar [&hellip;]<\/p>\n","protected":false},"author":1,"featured_media":0,"parent":0,"menu_order":0,"comment_status":"closed","ping_status":"closed","template":"","meta":{"footnotes":""},"class_list":["post-54","page","type-page","status-publish","hentry"],"_links":{"self":[{"href":"https:\/\/adfi.com.co\/index.php?rest_route=\/wp\/v2\/pages\/54","targetHints":{"allow":["GET"]}}],"collection":[{"href":"https:\/\/adfi.com.co\/index.php?rest_route=\/wp\/v2\/pages"}],"about":[{"href":"https:\/\/adfi.com.co\/index.php?rest_route=\/wp\/v2\/types\/page"}],"author":[{"embeddable":true,"href":"https:\/\/adfi.com.co\/index.php?rest_route=\/wp\/v2\/users\/1"}],"replies":[{"embeddable":true,"href":"https:\/\/adfi.com.co\/index.php?rest_route=%2Fwp%2Fv2%2Fcomments&post=54"}],"version-history":[{"count":109,"href":"https:\/\/adfi.com.co\/index.php?rest_route=\/wp\/v2\/pages\/54\/revisions"}],"predecessor-version":[{"id":3100,"href":"https:\/\/adfi.com.co\/index.php?rest_route=\/wp\/v2\/pages\/54\/revisions\/3100"}],"wp:attachment":[{"href":"https:\/\/adfi.com.co\/index.php?rest_route=%2Fwp%2Fv2%2Fmedia&parent=54"}],"curies":[{"name":"wp","href":"https:\/\/api.w.org\/{rel}","templated":true}]}}