{"id":34,"date":"2022-03-28T18:26:49","date_gmt":"2022-03-28T23:26:49","guid":{"rendered":"https:\/\/adfi.com.co\/?page_id=34"},"modified":"2025-09-22T22:10:04","modified_gmt":"2025-09-23T03:10:04","slug":"conocenos","status":"publish","type":"page","link":"https:\/\/adfi.com.co\/?page_id=34","title":{"rendered":"conocenos"},"content":{"rendered":"\t\t<div data-elementor-type=\"wp-page\" data-elementor-id=\"34\" class=\"elementor elementor-34\">\n\t\t\t\t\t\t<section class=\"elementor-section elementor-top-section elementor-element elementor-element-5fdef6c elementor-section-boxed elementor-section-height-default elementor-section-height-default\" data-id=\"5fdef6c\" data-element_type=\"section\">\n\t\t\t\t\t\t<div class=\"elementor-container elementor-column-gap-default\">\n\t\t\t\t\t<div class=\"elementor-column elementor-col-100 elementor-top-column elementor-element elementor-element-f876a73\" data-id=\"f876a73\" data-element_type=\"column\">\n\t\t\t<div class=\"elementor-widget-wrap elementor-element-populated\">\n\t\t\t\t\t\t<div class=\"elementor-element elementor-element-50b396d elementor-widget elementor-widget-spacer\" data-id=\"50b396d\" data-element_type=\"widget\" data-widget_type=\"spacer.default\">\n\t\t\t\t<div class=\"elementor-widget-container\">\n\t\t\t\t\t\t\t<div class=\"elementor-spacer\">\n\t\t\t<div class=\"elementor-spacer-inner\"><\/div>\n\t\t<\/div>\n\t\t\t\t\t\t<\/div>\n\t\t\t\t<\/div>\n\t\t\t\t\t<\/div>\n\t\t<\/div>\n\t\t\t\t\t<\/div>\n\t\t<\/section>\n\t\t\t\t<section class=\"elementor-section elementor-top-section elementor-element elementor-element-e12eec5 elementor-section-boxed elementor-section-height-default elementor-section-height-default\" data-id=\"e12eec5\" data-element_type=\"section\" data-settings=\"{&quot;background_background&quot;:&quot;classic&quot;}\">\n\t\t\t\t\t\t<div class=\"elementor-container elementor-column-gap-default\">\n\t\t\t\t\t<div class=\"elementor-column elementor-col-100 elementor-top-column elementor-element elementor-element-24e6c6c\" data-id=\"24e6c6c\" data-element_type=\"column\">\n\t\t\t<div class=\"elementor-widget-wrap elementor-element-populated\">\n\t\t\t\t\t\t<div class=\"elementor-element elementor-element-d5afa1b elementor-widget elementor-widget-heading\" data-id=\"d5afa1b\" data-element_type=\"widget\" data-widget_type=\"heading.default\">\n\t\t\t\t<div class=\"elementor-widget-container\">\n\t\t\t\t\t<h2 class=\"elementor-heading-title elementor-size-default\">\ud83d\udc65 SOBRE NOSOTROS<\/h2>\t\t\t\t<\/div>\n\t\t\t\t<\/div>\n\t\t\t\t\t<\/div>\n\t\t<\/div>\n\t\t\t\t\t<\/div>\n\t\t<\/section>\n\t\t\t\t<section class=\"elementor-section elementor-top-section elementor-element elementor-element-2a02c69 elementor-section-boxed elementor-section-height-default elementor-section-height-default\" data-id=\"2a02c69\" data-element_type=\"section\" data-settings=\"{&quot;background_background&quot;:&quot;classic&quot;}\">\n\t\t\t\t\t\t<div class=\"elementor-container elementor-column-gap-default\">\n\t\t\t\t\t<div class=\"elementor-column elementor-col-100 elementor-top-column elementor-element elementor-element-271f61c\" data-id=\"271f61c\" data-element_type=\"column\">\n\t\t\t<div class=\"elementor-widget-wrap elementor-element-populated\">\n\t\t\t\t\t\t<div class=\"elementor-element elementor-element-4cc9c7c elementor-widget elementor-widget-spacer\" data-id=\"4cc9c7c\" data-element_type=\"widget\" data-widget_type=\"spacer.default\">\n\t\t\t\t<div class=\"elementor-widget-container\">\n\t\t\t\t\t\t\t<div class=\"elementor-spacer\">\n\t\t\t<div class=\"elementor-spacer-inner\"><\/div>\n\t\t<\/div>\n\t\t\t\t\t\t<\/div>\n\t\t\t\t<\/div>\n\t\t\t\t\t<\/div>\n\t\t<\/div>\n\t\t\t\t\t<\/div>\n\t\t<\/section>\n\t\t\t\t<section class=\"elementor-section elementor-top-section elementor-element elementor-element-5797c2c elementor-section-boxed elementor-section-height-default elementor-section-height-default\" data-id=\"5797c2c\" data-element_type=\"section\">\n\t\t\t\t\t\t<div class=\"elementor-container elementor-column-gap-default\">\n\t\t\t\t\t<div class=\"elementor-column elementor-col-50 elementor-top-column elementor-element elementor-element-6281424\" data-id=\"6281424\" data-element_type=\"column\">\n\t\t\t<div class=\"elementor-widget-wrap elementor-element-populated\">\n\t\t\t\t\t\t<div class=\"elementor-element elementor-element-5a24425 elementor-widget elementor-widget-heading\" data-id=\"5a24425\" data-element_type=\"widget\" data-widget_type=\"heading.default\">\n\t\t\t\t<div class=\"elementor-widget-container\">\n\t\t\t\t\t<h1 class=\"elementor-heading-title elementor-size-default\">DESCRIPCI\u00d3N DEL PROYECTO<\/h1>\t\t\t\t<\/div>\n\t\t\t\t<\/div>\n\t\t\t\t<section class=\"elementor-section elementor-inner-section elementor-element elementor-element-ab2d557 elementor-section-boxed elementor-section-height-default elementor-section-height-default\" data-id=\"ab2d557\" data-element_type=\"section\">\n\t\t\t\t\t\t<div class=\"elementor-container elementor-column-gap-default\">\n\t\t\t\t\t<div class=\"elementor-column elementor-col-100 elementor-inner-column elementor-element elementor-element-0c2b636\" data-id=\"0c2b636\" data-element_type=\"column\">\n\t\t\t<div class=\"elementor-widget-wrap elementor-element-populated\">\n\t\t\t\t\t\t<div class=\"elementor-element elementor-element-24732ec elementor-widget elementor-widget-text-editor\" data-id=\"24732ec\" data-element_type=\"widget\" data-widget_type=\"text-editor.default\">\n\t\t\t\t<div class=\"elementor-widget-container\">\n\t\t\t\t\t\t\t\t\t<p data-start=\"104\" data-end=\"398\"><span style=\"color: #000000;\">ADFI es un Sistema Integrado de Informaci\u00f3n Administrativa y Financiera al servicio de la gesti\u00f3n p\u00fablica y privada para la consolidaci\u00f3n, presentaci\u00f3n y manejo de informaci\u00f3n financiera, constituido desde los pilares administrativos, presupuestales, contables, tesorales, bienes y servicios.<\/span><\/p><p data-start=\"400\" data-end=\"768\"><span style=\"color: #000000;\">Las herramientas de ADFI permiten el tratamiento de datos, seguimiento y control de la informaci\u00f3n financiera en tiempo real, cuenta con alojamiento en la nube o local dependiendo los recursos tecnol\u00f3gicos de la entidad, permite la consulta, registro, parametrizaci\u00f3n de la informaci\u00f3n y generaci\u00f3n de informes de acuerdo a los roles preestablecidos de cada usuario.<\/span><\/p>\t\t\t\t\t\t\t\t<\/div>\n\t\t\t\t<\/div>\n\t\t\t\t\t<\/div>\n\t\t<\/div>\n\t\t\t\t\t<\/div>\n\t\t<\/section>\n\t\t\t\t\t<\/div>\n\t\t<\/div>\n\t\t\t\t<div class=\"elementor-column elementor-col-50 elementor-top-column elementor-element elementor-element-7971bea\" data-id=\"7971bea\" data-element_type=\"column\">\n\t\t\t<div class=\"elementor-widget-wrap elementor-element-populated\">\n\t\t\t\t\t\t<div class=\"elementor-element elementor-element-ca3f7e2 elementor-widget elementor-widget-image\" data-id=\"ca3f7e2\" data-element_type=\"widget\" data-widget_type=\"image.default\">\n\t\t\t\t<div class=\"elementor-widget-container\">\n\t\t\t\t\t\t\t\t\t\t\t\t\t\t\t<img fetchpriority=\"high\" decoding=\"async\" width=\"678\" height=\"646\" src=\"https:\/\/adfi.com.co\/wp-content\/uploads\/2025\/09\/Cuadro-ADFI-1024x975.png\" class=\"attachment-large size-large wp-image-2771\" alt=\"\" srcset=\"https:\/\/adfi.com.co\/wp-content\/uploads\/2025\/09\/Cuadro-ADFI-1024x975.png 1024w, https:\/\/adfi.com.co\/wp-content\/uploads\/2025\/09\/Cuadro-ADFI-300x286.png 300w, https:\/\/adfi.com.co\/wp-content\/uploads\/2025\/09\/Cuadro-ADFI-768x732.png 768w, https:\/\/adfi.com.co\/wp-content\/uploads\/2025\/09\/Cuadro-ADFI-1536x1463.png 1536w, https:\/\/adfi.com.co\/wp-content\/uploads\/2025\/09\/Cuadro-ADFI.png 2000w\" sizes=\"(max-width: 678px) 100vw, 678px\" \/>\t\t\t\t\t\t\t\t\t\t\t\t\t\t\t<\/div>\n\t\t\t\t<\/div>\n\t\t\t\t\t<\/div>\n\t\t<\/div>\n\t\t\t\t\t<\/div>\n\t\t<\/section>\n\t\t\t\t<section class=\"elementor-section elementor-top-section elementor-element elementor-element-5f86a72 elementor-section-boxed elementor-section-height-default elementor-section-height-default\" data-id=\"5f86a72\" data-element_type=\"section\">\n\t\t\t\t\t\t<div class=\"elementor-container elementor-column-gap-default\">\n\t\t\t\t\t<div class=\"elementor-column elementor-col-50 elementor-top-column elementor-element elementor-element-fa9f91d\" data-id=\"fa9f91d\" data-element_type=\"column\">\n\t\t\t<div class=\"elementor-widget-wrap elementor-element-populated\">\n\t\t\t\t\t\t<div class=\"elementor-element elementor-element-35dfc08 elementor-widget elementor-widget-heading\" data-id=\"35dfc08\" data-element_type=\"widget\" data-widget_type=\"heading.default\">\n\t\t\t\t<div class=\"elementor-widget-container\">\n\t\t\t\t\t<h1 class=\"elementor-heading-title elementor-size-default\">NORMATIVIDAD<\/h1>\t\t\t\t<\/div>\n\t\t\t\t<\/div>\n\t\t\t\t<div class=\"elementor-element elementor-element-5e64b6b elementor-widget__width-initial elementor-widget elementor-widget-text-editor\" data-id=\"5e64b6b\" data-element_type=\"widget\" data-widget_type=\"text-editor.default\">\n\t\t\t\t<div class=\"elementor-widget-container\">\n\t\t\t\t\t\t\t\t\t<p data-start=\"87\" data-end=\"271\"><span style=\"color: #000000;\">Transversalmente la herramienta tecnol\u00f3gica ADFI permite la parametrizaci\u00f3n en la normatividad aplicable desde el ente Nacional, Departamental y Municipal para la gesti\u00f3n financiera:<\/span><\/p><ul><li data-start=\"275\" data-end=\"305\"><span style=\"color: #000000;\">Ley org\u00e1nica de presupuesto.<\/span><\/li><li data-start=\"275\" data-end=\"305\"><span style=\"color: #000000;\">Normatividad MEN.<\/span><\/li><li data-start=\"275\" data-end=\"305\"><span style=\"color: #000000;\">Normas de Contabilidad Vigentes (NIIF).<\/span><\/li><li data-start=\"275\" data-end=\"305\"><span style=\"color: #000000;\">Pol\u00edticas contables de la entidad.<\/span><\/li><li data-start=\"275\" data-end=\"305\"><span style=\"color: #000000;\">Gesti\u00f3n tributaria y de impuestos.<\/span><\/li><\/ul>\t\t\t\t\t\t\t\t<\/div>\n\t\t\t\t<\/div>\n\t\t\t\t\t<\/div>\n\t\t<\/div>\n\t\t\t\t<div class=\"elementor-column elementor-col-50 elementor-top-column elementor-element elementor-element-22b1568\" data-id=\"22b1568\" data-element_type=\"column\">\n\t\t\t<div class=\"elementor-widget-wrap elementor-element-populated\">\n\t\t\t\t\t\t<div class=\"elementor-element elementor-element-f8c87b8 elementor-widget elementor-widget-heading\" data-id=\"f8c87b8\" data-element_type=\"widget\" data-widget_type=\"heading.default\">\n\t\t\t\t<div class=\"elementor-widget-container\">\n\t\t\t\t\t<h1 class=\"elementor-heading-title elementor-size-default\">MODULOS<\/h1>\t\t\t\t<\/div>\n\t\t\t\t<\/div>\n\t\t\t\t<div class=\"elementor-element elementor-element-d4347be elementor-widget elementor-widget-text-editor\" data-id=\"d4347be\" data-element_type=\"widget\" data-widget_type=\"text-editor.default\">\n\t\t\t\t<div class=\"elementor-widget-container\">\n\t\t\t\t\t\t\t\t\t<p data-start=\"94\" data-end=\"195\"><span style=\"color: #000000;\">1. Presupuesto<\/span><br data-start=\"112\" data-end=\"115\" \/><span style=\"color: #000000;\">2. Contabilidad<\/span><br data-start=\"134\" data-end=\"137\" \/><span style=\"color: #000000;\">3. Tesorer\u00eda<\/span><br data-start=\"153\" data-end=\"156\" \/><span style=\"color: #000000;\">4. Bienes<\/span><br data-start=\"169\" data-end=\"172\" \/><span style=\"color: #000000;\">5. Administraci\u00f3n<\/span><\/p><p data-start=\"197\" data-end=\"540\"><span style=\"color: #000000;\">ADFI brinda oportunidad y calidad en el registro y seguimiento de informaci\u00f3n, estas son algunas de las principales caracter\u00edsticas que permiten al sistema encontrarse estructurado para la satisfacci\u00f3n de sus usuarios a trav\u00e9s de todos sus m\u00f3dulos, brind\u00e1ndole eficiencia y eficacia al usuario final en la realizaci\u00f3n de sus labores diarias.<\/span><\/p>\t\t\t\t\t\t\t\t<\/div>\n\t\t\t\t<\/div>\n\t\t\t\t\t<\/div>\n\t\t<\/div>\n\t\t\t\t\t<\/div>\n\t\t<\/section>\n\t\t\t\t<\/div>\n\t\t","protected":false},"excerpt":{"rendered":"<p>\ud83d\udc65 SOBRE NOSOTROS DESCRIPCI\u00d3N DEL PROYECTO ADFI es un Sistema Integrado de Informaci\u00f3n Administrativa y Financiera al servicio de la gesti\u00f3n p\u00fablica y privada para la consolidaci\u00f3n, presentaci\u00f3n y manejo de informaci\u00f3n financiera, constituido desde los pilares administrativos, presupuestales, contables, tesorales, bienes y servicios. Las herramientas de ADFI permiten el tratamiento de datos, seguimiento y [&hellip;]<\/p>\n","protected":false},"author":1,"featured_media":0,"parent":0,"menu_order":0,"comment_status":"closed","ping_status":"closed","template":"","meta":{"footnotes":""},"class_list":["post-34","page","type-page","status-publish","hentry"],"_links":{"self":[{"href":"https:\/\/adfi.com.co\/index.php?rest_route=\/wp\/v2\/pages\/34","targetHints":{"allow":["GET"]}}],"collection":[{"href":"https:\/\/adfi.com.co\/index.php?rest_route=\/wp\/v2\/pages"}],"about":[{"href":"https:\/\/adfi.com.co\/index.php?rest_route=\/wp\/v2\/types\/page"}],"author":[{"embeddable":true,"href":"https:\/\/adfi.com.co\/index.php?rest_route=\/wp\/v2\/users\/1"}],"replies":[{"embeddable":true,"href":"https:\/\/adfi.com.co\/index.php?rest_route=%2Fwp%2Fv2%2Fcomments&post=34"}],"version-history":[{"count":208,"href":"https:\/\/adfi.com.co\/index.php?rest_route=\/wp\/v2\/pages\/34\/revisions"}],"predecessor-version":[{"id":3559,"href":"https:\/\/adfi.com.co\/index.php?rest_route=\/wp\/v2\/pages\/34\/revisions\/3559"}],"wp:attachment":[{"href":"https:\/\/adfi.com.co\/index.php?rest_route=%2Fwp%2Fv2%2Fmedia&parent=34"}],"curies":[{"name":"wp","href":"https:\/\/api.w.org\/{rel}","templated":true}]}}